{"id":34514,"date":"2025-01-24T10:44:56","date_gmt":"2025-01-24T13:44:56","guid":{"rendered":"https:\/\/indovinya.indoramaventures.com\/?page_id=34514"},"modified":"2025-04-03T15:28:27","modified_gmt":"2025-04-03T18:28:27","slug":"together","status":"publish","type":"page","link":"https:\/\/staging.velxtecnologia.com\/rpma\/indovinya\/pt-br\/sobre-a-indovinya\/carreiras-rh\/together\/","title":{"rendered":"Together"},"content":{"rendered":"\t\t<div data-elementor-type=\"wp-page\" data-elementor-id=\"34514\" class=\"elementor elementor-34514\" data-elementor-post-type=\"page\">\n\t\t\t\t<div class=\"elementor-element elementor-element-71535ce e-flex e-con-boxed e-con e-parent\" data-id=\"71535ce\" data-element_type=\"container\" data-e-type=\"container\" data-settings=\"{&quot;background_background&quot;:&quot;classic&quot;,&quot;jet_parallax_layout_list&quot;:[]}\">\n\t\t\t\t\t<div class=\"e-con-inner\">\n\t\t\t\t<div class=\"elementor-element elementor-element-75822f0 elementor-widget__width-initial elementor-widget elementor-widget-heading\" data-id=\"75822f0\" data-element_type=\"widget\" data-e-type=\"widget\" data-widget_type=\"heading.default\">\n\t\t\t\t<div class=\"elementor-widget-container\">\n\t\t\t\t\t<h2 class=\"elementor-heading-title elementor-size-default\">A Indovinya acredita\nna for\u00e7a de uma\nequipa diversificada.<\/h2>\t\t\t\t<\/div>\n\t\t\t\t<\/div>\n\t\t\t\t\t<\/div>\n\t\t\t\t<\/div>\n\t\t<div class=\"elementor-element elementor-element-4c12034 e-flex e-con-boxed e-con e-parent\" data-id=\"4c12034\" data-element_type=\"container\" data-e-type=\"container\" data-settings=\"{&quot;jet_parallax_layout_list&quot;:[]}\">\n\t\t\t\t\t<div class=\"e-con-inner\">\n\t\t\t\t<div class=\"elementor-element elementor-element-6fc88b1 elementor-widget elementor-widget-text-editor\" data-id=\"6fc88b1\" data-element_type=\"widget\" data-e-type=\"widget\" data-widget_type=\"text-editor.default\">\n\t\t\t\t<div class=\"elementor-widget-container\">\n\t\t\t\t\t\t\t\t\t<p>Estamos empenhados em construir um ambiente de trabalho cada vez mais inclusivo e plural. <strong>TOGETHER<\/strong>, nosso programa de Diversidade e Inclus\u00e3o alinhado ao Plano de Sustentabilidade 2030, promove um ambiente acolhedor, inclusivo e diverso, onde todos s\u00e3o respeitados, valorizados por suas diferen\u00e7as \u00fanicas e recebem oportunidades iguais.<\/p>\t\t\t\t\t\t\t\t<\/div>\n\t\t\t\t<\/div>\n\t\t<div class=\"elementor-element elementor-element-7bf01e2 e-con-full e-flex e-con e-child\" data-id=\"7bf01e2\" data-element_type=\"container\" data-e-type=\"container\" data-settings=\"{&quot;jet_parallax_layout_list&quot;:[]}\">\n\t\t<div class=\"elementor-element elementor-element-3a1990e e-con-full e-flex e-con e-child\" data-id=\"3a1990e\" data-element_type=\"container\" data-e-type=\"container\" data-settings=\"{&quot;background_background&quot;:&quot;classic&quot;,&quot;jet_parallax_layout_list&quot;:[]}\">\n\t\t<div class=\"elementor-element elementor-element-4658be0 e-con-full e-flex e-con e-child\" data-id=\"4658be0\" data-element_type=\"container\" data-e-type=\"container\" data-settings=\"{&quot;background_background&quot;:&quot;classic&quot;,&quot;jet_parallax_layout_list&quot;:[]}\">\n\t\t\t\t<\/div>\n\t\t<div class=\"elementor-element elementor-element-0b64e8e e-con-full e-flex e-con e-child\" data-id=\"0b64e8e\" data-element_type=\"container\" data-e-type=\"container\" data-settings=\"{&quot;jet_parallax_layout_list&quot;:[]}\">\n\t\t\t\t<div class=\"elementor-element elementor-element-ec2bed4 elementor-widget elementor-widget-text-editor\" data-id=\"ec2bed4\" data-element_type=\"widget\" data-e-type=\"widget\" data-widget_type=\"text-editor.default\">\n\t\t\t\t<div class=\"elementor-widget-container\">\n\t\t\t\t\t\t\t\t\t<p>Governan\u00e7a atrav\u00e9s de um Comit\u00ea Estrat\u00e9gico, de um Comit\u00e9 T\u00e1tico e de Grupos de Afinidade destinados a implementar solu\u00e7\u00f5es para uma cultura de diversidade e inclus\u00e3o.<\/p>\t\t\t\t\t\t\t\t<\/div>\n\t\t\t\t<\/div>\n\t\t\t\t<\/div>\n\t\t\t\t<\/div>\n\t\t<div class=\"elementor-element elementor-element-bad4954 e-con-full e-flex e-con e-child\" data-id=\"bad4954\" data-element_type=\"container\" data-e-type=\"container\" data-settings=\"{&quot;background_background&quot;:&quot;classic&quot;,&quot;jet_parallax_layout_list&quot;:[]}\">\n\t\t<div class=\"elementor-element elementor-element-8a75641 e-con-full e-flex e-con e-child\" data-id=\"8a75641\" data-element_type=\"container\" data-e-type=\"container\" data-settings=\"{&quot;background_background&quot;:&quot;classic&quot;,&quot;jet_parallax_layout_list&quot;:[]}\">\n\t\t\t\t<\/div>\n\t\t<div class=\"elementor-element elementor-element-dd487bd e-con-full e-flex e-con e-child\" data-id=\"dd487bd\" data-element_type=\"container\" data-e-type=\"container\" data-settings=\"{&quot;jet_parallax_layout_list&quot;:[]}\">\n\t\t\t\t<div class=\"elementor-element elementor-element-f893495 elementor-widget elementor-widget-text-editor\" data-id=\"f893495\" data-element_type=\"widget\" data-e-type=\"widget\" data-widget_type=\"text-editor.default\">\n\t\t\t\t<div class=\"elementor-widget-container\">\n\t\t\t\t\t\t\t\t\t<p>Grupos de afinidade centrados no g\u00eanero (mulheres), ra\u00e7a e etnia, pessoas com defici\u00eancia e LGBTQIA+, destinados a debater a\u00e7\u00f5es para um ambiente mais inclusivo e diverso.<\/p>\t\t\t\t\t\t\t\t<\/div>\n\t\t\t\t<\/div>\n\t\t\t\t<\/div>\n\t\t\t\t<\/div>\n\t\t<div class=\"elementor-element elementor-element-23b39a8 e-con-full e-flex e-con e-child\" data-id=\"23b39a8\" data-element_type=\"container\" data-e-type=\"container\" data-settings=\"{&quot;background_background&quot;:&quot;classic&quot;,&quot;jet_parallax_layout_list&quot;:[]}\">\n\t\t<div class=\"elementor-element elementor-element-4554fdf e-con-full e-flex e-con e-child\" data-id=\"4554fdf\" data-element_type=\"container\" data-e-type=\"container\" data-settings=\"{&quot;background_background&quot;:&quot;classic&quot;,&quot;jet_parallax_layout_list&quot;:[]}\">\n\t\t\t\t<\/div>\n\t\t<div class=\"elementor-element elementor-element-161194e e-con-full e-flex e-con e-child\" data-id=\"161194e\" data-element_type=\"container\" data-e-type=\"container\" data-settings=\"{&quot;jet_parallax_layout_list&quot;:[]}\">\n\t\t\t\t<div class=\"elementor-element elementor-element-b4f455c elementor-widget elementor-widget-text-editor\" data-id=\"b4f455c\" data-element_type=\"widget\" data-e-type=\"widget\" data-widget_type=\"text-editor.default\">\n\t\t\t\t<div class=\"elementor-widget-container\">\n\t\t\t\t\t\t\t\t\t<p>Desenvolvimento da lideran\u00e7a e da equipe atrav\u00e9s de forma\u00e7\u00e3o relevante, bate papos sobre os temas, workshops e cursos sobre diversidade e inclus\u00e3o.<\/p>\t\t\t\t\t\t\t\t<\/div>\n\t\t\t\t<\/div>\n\t\t\t\t<\/div>\n\t\t\t\t<\/div>\n\t\t<div class=\"elementor-element elementor-element-8a1d642 e-con-full e-flex e-con e-child\" data-id=\"8a1d642\" data-element_type=\"container\" data-e-type=\"container\" data-settings=\"{&quot;background_background&quot;:&quot;classic&quot;,&quot;jet_parallax_layout_list&quot;:[]}\">\n\t\t<div class=\"elementor-element elementor-element-92b0626 e-con-full e-flex e-con e-child\" data-id=\"92b0626\" data-element_type=\"container\" data-e-type=\"container\" data-settings=\"{&quot;background_background&quot;:&quot;classic&quot;,&quot;jet_parallax_layout_list&quot;:[]}\">\n\t\t\t\t<\/div>\n\t\t<div class=\"elementor-element elementor-element-88c6212 e-con-full e-flex e-con e-child\" data-id=\"88c6212\" data-element_type=\"container\" data-e-type=\"container\" data-settings=\"{&quot;jet_parallax_layout_list&quot;:[]}\">\n\t\t\t\t<div class=\"elementor-element elementor-element-82e9f33 elementor-widget elementor-widget-text-editor\" data-id=\"82e9f33\" data-element_type=\"widget\" data-e-type=\"widget\" data-widget_type=\"text-editor.default\">\n\t\t\t\t<div class=\"elementor-widget-container\">\n\t\t\t\t\t\t\t\t\t<p>Agenda de forma\u00e7\u00e3o com as equipes de Recursos Humanos, Comunica\u00e7\u00e3o Interna e Comunica\u00e7\u00e3o Externa, consideradas estrat\u00e9gicas para a integra\u00e7\u00e3o da diversidade e da inclus\u00e3o em toda a organiza\u00e7\u00e3o.<\/p>\t\t\t\t\t\t\t\t<\/div>\n\t\t\t\t<\/div>\n\t\t\t\t<\/div>\n\t\t\t\t<\/div>\n\t\t\t\t<\/div>\n\t\t<div class=\"elementor-element elementor-element-94f5e6c e-flex e-con-boxed e-con e-child\" data-id=\"94f5e6c\" data-element_type=\"container\" data-e-type=\"container\" data-settings=\"{&quot;jet_parallax_layout_list&quot;:[]}\">\n\t\t\t\t\t<div class=\"e-con-inner\">\n\t\t\t\t<div class=\"elementor-element elementor-element-e359c0c elementor-align-justify elementor-hidden-desktop elementor-hidden-tablet elementor-hidden-mobile elementor-widget elementor-widget-button\" data-id=\"e359c0c\" data-element_type=\"widget\" data-e-type=\"widget\" data-widget_type=\"button.default\">\n\t\t\t\t<div class=\"elementor-widget-container\">\n\t\t\t\t\t\t\t\t\t<div class=\"elementor-button-wrapper\">\n\t\t\t\t\t<a class=\"elementor-button elementor-button-link elementor-size-sm\" href=\"#\" target=\"_blank\">\n\t\t\t\t\t\t<span class=\"elementor-button-content-wrapper\">\n\t\t\t\t\t\t<span class=\"elementor-button-icon\">\n\t\t\t\t<svg aria-hidden=\"true\" class=\"e-font-icon-svg e-fas-arrow-right\" viewBox=\"0 0 448 512\" xmlns=\"http:\/\/www.w3.org\/2000\/svg\"><path d=\"M190.5 66.9l22.2-22.2c9.4-9.4 24.6-9.4 33.9 0L441 239c9.4 9.4 9.4 24.6 0 33.9L246.6 467.3c-9.4 9.4-24.6 9.4-33.9 0l-22.2-22.2c-9.5-9.5-9.3-25 .4-34.3L311.4 296H24c-13.3 0-24-10.7-24-24v-32c0-13.3 10.7-24 24-24h287.4L190.9 101.2c-9.8-9.3-10-24.8-.4-34.3z\"><\/path><\/svg>\t\t\t<\/span>\n\t\t\t\t\t\t\t\t\t<span class=\"elementor-button-text\">Ler o relat\u00f3rio da Together<\/span>\n\t\t\t\t\t<\/span>\n\t\t\t\t\t<\/a>\n\t\t\t\t<\/div>\n\t\t\t\t\t\t\t\t<\/div>\n\t\t\t\t<\/div>\n\t\t\t\t\t<\/div>\n\t\t\t\t<\/div>\n\t\t\t\t<div class=\"elementor-element elementor-element-fd5f338 elementor-hidden-desktop elementor-hidden-tablet elementor-hidden-mobile elementor-widget elementor-widget-heading\" data-id=\"fd5f338\" data-element_type=\"widget\" data-e-type=\"widget\" data-widget_type=\"heading.default\">\n\t\t\t\t<div class=\"elementor-widget-container\">\n\t\t\t\t\t<h3 class=\"elementor-heading-title elementor-size-default\">V\u00eddeo Together<\/h3>\t\t\t\t<\/div>\n\t\t\t\t<\/div>\n\t\t<div class=\"elementor-element elementor-element-44ecbc5 e-con-full e-flex e-con e-child\" data-id=\"44ecbc5\" data-element_type=\"container\" data-e-type=\"container\" data-settings=\"{&quot;background_background&quot;:&quot;classic&quot;,&quot;jet_parallax_layout_list&quot;:[]}\">\n\t\t\t\t<\/div>\n\t\t<div class=\"elementor-element elementor-element-43264b3 e-flex e-con-boxed e-con e-child\" data-id=\"43264b3\" data-element_type=\"container\" data-e-type=\"container\" data-settings=\"{&quot;jet_parallax_layout_list&quot;:[]}\">\n\t\t\t\t\t<div class=\"e-con-inner\">\n\t\t\t\t<div class=\"elementor-element elementor-element-aa030d3 elementor-align-justify elementor-hidden-desktop elementor-hidden-tablet elementor-hidden-mobile elementor-widget elementor-widget-button\" data-id=\"aa030d3\" data-element_type=\"widget\" data-e-type=\"widget\" data-widget_type=\"button.default\">\n\t\t\t\t<div class=\"elementor-widget-container\">\n\t\t\t\t\t\t\t\t\t<div class=\"elementor-button-wrapper\">\n\t\t\t\t\t<a class=\"elementor-button elementor-button-link elementor-size-sm\" href=\"#\" target=\"_blank\">\n\t\t\t\t\t\t<span class=\"elementor-button-content-wrapper\">\n\t\t\t\t\t\t<span class=\"elementor-button-icon\">\n\t\t\t\t<svg aria-hidden=\"true\" class=\"e-font-icon-svg e-fas-arrow-right\" viewBox=\"0 0 448 512\" xmlns=\"http:\/\/www.w3.org\/2000\/svg\"><path d=\"M190.5 66.9l22.2-22.2c9.4-9.4 24.6-9.4 33.9 0L441 239c9.4 9.4 9.4 24.6 0 33.9L246.6 467.3c-9.4 9.4-24.6 9.4-33.9 0l-22.2-22.2c-9.5-9.5-9.3-25 .4-34.3L311.4 296H24c-13.3 0-24-10.7-24-24v-32c0-13.3 10.7-24 24-24h287.4L190.9 101.2c-9.8-9.3-10-24.8-.4-34.3z\"><\/path><\/svg>\t\t\t<\/span>\n\t\t\t\t\t\t\t\t\t<span class=\"elementor-button-text\">Assista tamb\u00e9m a webs\u00e9rie de sustentabilidade<\/span>\n\t\t\t\t\t<\/span>\n\t\t\t\t\t<\/a>\n\t\t\t\t<\/div>\n\t\t\t\t\t\t\t\t<\/div>\n\t\t\t\t<\/div>\n\t\t\t\t\t<\/div>\n\t\t\t\t<\/div>\n\t\t\t\t\t<\/div>\n\t\t\t\t<\/div>\n\t\t\t\t<\/div>\n\t\t","protected":false},"excerpt":{"rendered":"<p>A Indovinya acredita na for\u00e7a de uma equipa diversificada. Estamos empenhados em construir um ambiente de trabalho cada vez mais inclusivo e plural. TOGETHER, nosso programa de Diversidade e Inclus\u00e3o alinhado ao Plano de Sustentabilidade 2030, promove um ambiente acolhedor, inclusivo e diverso, onde todos s\u00e3o respeitados, valorizados por suas diferen\u00e7as \u00fanicas e recebem oportunidades [&hellip;]<\/p>\n","protected":false},"author":1,"featured_media":0,"parent":34367,"menu_order":0,"comment_status":"closed","ping_status":"closed","template":"","meta":{"_acf_changed":false,"footnotes":""},"categoria-solucoes-mercado":[],"class_list":["post-34514","page","type-page","status-publish","hentry"],"acf":[],"yoast_head":"<!-- This site is optimized with the Yoast SEO plugin v27.4 - https:\/\/yoast.com\/product\/yoast-seo-wordpress\/ -->\n<title>Together - Indovinya | Leader in the production of surfactants and specialty chemicals<\/title>\n<meta name=\"robots\" content=\"noindex, follow, max-snippet:-1, max-image-preview:large, max-video-preview:-1\" \/>\n<meta property=\"og:locale\" content=\"pt_BR\" \/>\n<meta property=\"og:type\" content=\"article\" \/>\n<meta property=\"og:title\" content=\"Together - Indovinya | Leader in the production of surfactants and specialty chemicals\" \/>\n<meta property=\"og:description\" content=\"A Indovinya acredita na for\u00e7a de uma equipa diversificada. Estamos empenhados em construir um ambiente de trabalho cada vez mais inclusivo e plural. TOGETHER, nosso programa de Diversidade e Inclus\u00e3o alinhado ao Plano de Sustentabilidade 2030, promove um ambiente acolhedor, inclusivo e diverso, onde todos s\u00e3o respeitados, valorizados por suas diferen\u00e7as \u00fanicas e recebem oportunidades [&hellip;]\" \/>\n<meta property=\"og:url\" content=\"https:\/\/staging.velxtecnologia.com\/rpma\/indovinya\/about-indovinya\/hr-careers\/together\/\" \/>\n<meta property=\"og:site_name\" content=\"Indovinya | Leader in the production of surfactants and specialty chemicals\" \/>\n<meta property=\"article:modified_time\" content=\"2025-04-03T18:28:27+00:00\" \/>\n<meta name=\"twitter:card\" content=\"summary_large_image\" \/>\n<meta name=\"twitter:label1\" content=\"Est. tempo de leitura\" \/>\n\t<meta name=\"twitter:data1\" content=\"1 minuto\" \/>\n<script type=\"application\/ld+json\" class=\"yoast-schema-graph\">{\"@context\":\"https:\\\/\\\/schema.org\",\"@graph\":[{\"@type\":\"WebPage\",\"@id\":\"https:\\\/\\\/staging.velxtecnologia.com\\\/rpma\\\/indovinya\\\/about-indovinya\\\/hr-careers\\\/together\\\/\",\"url\":\"https:\\\/\\\/staging.velxtecnologia.com\\\/rpma\\\/indovinya\\\/about-indovinya\\\/hr-careers\\\/together\\\/\",\"name\":\"Together - Indovinya | Leader in the production of surfactants and specialty chemicals\",\"isPartOf\":{\"@id\":\"https:\\\/\\\/staging.velxtecnologia.com\\\/rpma\\\/indovinya\\\/#website\"},\"datePublished\":\"2025-01-24T13:44:56+00:00\",\"dateModified\":\"2025-04-03T18:28:27+00:00\",\"breadcrumb\":{\"@id\":\"https:\\\/\\\/staging.velxtecnologia.com\\\/rpma\\\/indovinya\\\/about-indovinya\\\/hr-careers\\\/together\\\/#breadcrumb\"},\"inLanguage\":\"pt-BR\",\"potentialAction\":[{\"@type\":\"ReadAction\",\"target\":[\"https:\\\/\\\/staging.velxtecnologia.com\\\/rpma\\\/indovinya\\\/about-indovinya\\\/hr-careers\\\/together\\\/\"]}]},{\"@type\":\"BreadcrumbList\",\"@id\":\"https:\\\/\\\/staging.velxtecnologia.com\\\/rpma\\\/indovinya\\\/about-indovinya\\\/hr-careers\\\/together\\\/#breadcrumb\",\"itemListElement\":[{\"@type\":\"ListItem\",\"position\":1,\"name\":\"In\u00edcio\",\"item\":\"https:\\\/\\\/staging.velxtecnologia.com\\\/rpma\\\/indovinya\\\/\"},{\"@type\":\"ListItem\",\"position\":2,\"name\":\"Sobre a Indovinya\",\"item\":\"https:\\\/\\\/staging.velxtecnologia.com\\\/rpma\\\/indovinya\\\/pt-br\\\/sobre-a-indovinya\\\/\"},{\"@type\":\"ListItem\",\"position\":3,\"name\":\"Carreiras RH\",\"item\":\"https:\\\/\\\/staging.velxtecnologia.com\\\/rpma\\\/indovinya\\\/about-indovinya\\\/hr-careers\\\/\"},{\"@type\":\"ListItem\",\"position\":4,\"name\":\"Together\"}]},{\"@type\":\"WebSite\",\"@id\":\"https:\\\/\\\/staging.velxtecnologia.com\\\/rpma\\\/indovinya\\\/#website\",\"url\":\"https:\\\/\\\/staging.velxtecnologia.com\\\/rpma\\\/indovinya\\\/\",\"name\":\"Indovinya | Leader in the production of surfactants and specialty chemicals\",\"description\":\"Indovinya develops chemical solutions that renew markets and transform businesses. Learn more.\",\"publisher\":{\"@id\":\"https:\\\/\\\/staging.velxtecnologia.com\\\/rpma\\\/indovinya\\\/#organization\"},\"potentialAction\":[{\"@type\":\"SearchAction\",\"target\":{\"@type\":\"EntryPoint\",\"urlTemplate\":\"https:\\\/\\\/staging.velxtecnologia.com\\\/rpma\\\/indovinya\\\/?s={search_term_string}\"},\"query-input\":{\"@type\":\"PropertyValueSpecification\",\"valueRequired\":true,\"valueName\":\"search_term_string\"}}],\"inLanguage\":\"pt-BR\"},{\"@type\":\"Organization\",\"@id\":\"https:\\\/\\\/staging.velxtecnologia.com\\\/rpma\\\/indovinya\\\/#organization\",\"name\":\"Indovinya | Leader in the production of surfactants and specialty chemicals\",\"url\":\"https:\\\/\\\/staging.velxtecnologia.com\\\/rpma\\\/indovinya\\\/\",\"logo\":{\"@type\":\"ImageObject\",\"inLanguage\":\"pt-BR\",\"@id\":\"https:\\\/\\\/staging.velxtecnologia.com\\\/rpma\\\/indovinya\\\/#\\\/schema\\\/logo\\\/image\\\/\",\"url\":\"https:\\\/\\\/staging.velxtecnologia.com\\\/rpma\\\/indovinya\\\/wp-content\\\/uploads\\\/2024\\\/08\\\/logo-indorama-ventures.png\",\"contentUrl\":\"https:\\\/\\\/staging.velxtecnologia.com\\\/rpma\\\/indovinya\\\/wp-content\\\/uploads\\\/2024\\\/08\\\/logo-indorama-ventures.png\",\"width\":327,\"height\":84,\"caption\":\"Indovinya | Leader in the production of surfactants and specialty chemicals\"},\"image\":{\"@id\":\"https:\\\/\\\/staging.velxtecnologia.com\\\/rpma\\\/indovinya\\\/#\\\/schema\\\/logo\\\/image\\\/\"}}]}<\/script>\n<!-- \/ Yoast SEO plugin. -->","yoast_head_json":{"title":"Together - Indovinya | Leader in the production of surfactants and specialty chemicals","robots":{"index":"noindex","follow":"follow","max-snippet":"max-snippet:-1","max-image-preview":"max-image-preview:large","max-video-preview":"max-video-preview:-1"},"og_locale":"pt_BR","og_type":"article","og_title":"Together - Indovinya | Leader in the production of surfactants and specialty chemicals","og_description":"A Indovinya acredita na for\u00e7a de uma equipa diversificada. Estamos empenhados em construir um ambiente de trabalho cada vez mais inclusivo e plural. TOGETHER, nosso programa de Diversidade e Inclus\u00e3o alinhado ao Plano de Sustentabilidade 2030, promove um ambiente acolhedor, inclusivo e diverso, onde todos s\u00e3o respeitados, valorizados por suas diferen\u00e7as \u00fanicas e recebem oportunidades [&hellip;]","og_url":"https:\/\/staging.velxtecnologia.com\/rpma\/indovinya\/about-indovinya\/hr-careers\/together\/","og_site_name":"Indovinya | Leader in the production of surfactants and specialty chemicals","article_modified_time":"2025-04-03T18:28:27+00:00","twitter_card":"summary_large_image","twitter_misc":{"Est. tempo de leitura":"1 minuto"},"schema":{"@context":"https:\/\/schema.org","@graph":[{"@type":"WebPage","@id":"https:\/\/staging.velxtecnologia.com\/rpma\/indovinya\/about-indovinya\/hr-careers\/together\/","url":"https:\/\/staging.velxtecnologia.com\/rpma\/indovinya\/about-indovinya\/hr-careers\/together\/","name":"Together - Indovinya | Leader in the production of surfactants and specialty chemicals","isPartOf":{"@id":"https:\/\/staging.velxtecnologia.com\/rpma\/indovinya\/#website"},"datePublished":"2025-01-24T13:44:56+00:00","dateModified":"2025-04-03T18:28:27+00:00","breadcrumb":{"@id":"https:\/\/staging.velxtecnologia.com\/rpma\/indovinya\/about-indovinya\/hr-careers\/together\/#breadcrumb"},"inLanguage":"pt-BR","potentialAction":[{"@type":"ReadAction","target":["https:\/\/staging.velxtecnologia.com\/rpma\/indovinya\/about-indovinya\/hr-careers\/together\/"]}]},{"@type":"BreadcrumbList","@id":"https:\/\/staging.velxtecnologia.com\/rpma\/indovinya\/about-indovinya\/hr-careers\/together\/#breadcrumb","itemListElement":[{"@type":"ListItem","position":1,"name":"In\u00edcio","item":"https:\/\/staging.velxtecnologia.com\/rpma\/indovinya\/"},{"@type":"ListItem","position":2,"name":"Sobre a Indovinya","item":"https:\/\/staging.velxtecnologia.com\/rpma\/indovinya\/pt-br\/sobre-a-indovinya\/"},{"@type":"ListItem","position":3,"name":"Carreiras RH","item":"https:\/\/staging.velxtecnologia.com\/rpma\/indovinya\/about-indovinya\/hr-careers\/"},{"@type":"ListItem","position":4,"name":"Together"}]},{"@type":"WebSite","@id":"https:\/\/staging.velxtecnologia.com\/rpma\/indovinya\/#website","url":"https:\/\/staging.velxtecnologia.com\/rpma\/indovinya\/","name":"Indovinya | Leader in the production of surfactants and specialty chemicals","description":"Indovinya develops chemical solutions that renew markets and transform businesses. Learn more.","publisher":{"@id":"https:\/\/staging.velxtecnologia.com\/rpma\/indovinya\/#organization"},"potentialAction":[{"@type":"SearchAction","target":{"@type":"EntryPoint","urlTemplate":"https:\/\/staging.velxtecnologia.com\/rpma\/indovinya\/?s={search_term_string}"},"query-input":{"@type":"PropertyValueSpecification","valueRequired":true,"valueName":"search_term_string"}}],"inLanguage":"pt-BR"},{"@type":"Organization","@id":"https:\/\/staging.velxtecnologia.com\/rpma\/indovinya\/#organization","name":"Indovinya | Leader in the production of surfactants and specialty chemicals","url":"https:\/\/staging.velxtecnologia.com\/rpma\/indovinya\/","logo":{"@type":"ImageObject","inLanguage":"pt-BR","@id":"https:\/\/staging.velxtecnologia.com\/rpma\/indovinya\/#\/schema\/logo\/image\/","url":"https:\/\/staging.velxtecnologia.com\/rpma\/indovinya\/wp-content\/uploads\/2024\/08\/logo-indorama-ventures.png","contentUrl":"https:\/\/staging.velxtecnologia.com\/rpma\/indovinya\/wp-content\/uploads\/2024\/08\/logo-indorama-ventures.png","width":327,"height":84,"caption":"Indovinya | Leader in the production of surfactants and specialty chemicals"},"image":{"@id":"https:\/\/staging.velxtecnologia.com\/rpma\/indovinya\/#\/schema\/logo\/image\/"}}]}},"_links":{"self":[{"href":"https:\/\/staging.velxtecnologia.com\/rpma\/indovinya\/pt-br\/wp-json\/wp\/v2\/pages\/34514","targetHints":{"allow":["GET"]}}],"collection":[{"href":"https:\/\/staging.velxtecnologia.com\/rpma\/indovinya\/pt-br\/wp-json\/wp\/v2\/pages"}],"about":[{"href":"https:\/\/staging.velxtecnologia.com\/rpma\/indovinya\/pt-br\/wp-json\/wp\/v2\/types\/page"}],"author":[{"embeddable":true,"href":"https:\/\/staging.velxtecnologia.com\/rpma\/indovinya\/pt-br\/wp-json\/wp\/v2\/users\/1"}],"replies":[{"embeddable":true,"href":"https:\/\/staging.velxtecnologia.com\/rpma\/indovinya\/pt-br\/wp-json\/wp\/v2\/comments?post=34514"}],"version-history":[{"count":19,"href":"https:\/\/staging.velxtecnologia.com\/rpma\/indovinya\/pt-br\/wp-json\/wp\/v2\/pages\/34514\/revisions"}],"predecessor-version":[{"id":37089,"href":"https:\/\/staging.velxtecnologia.com\/rpma\/indovinya\/pt-br\/wp-json\/wp\/v2\/pages\/34514\/revisions\/37089"}],"up":[{"embeddable":true,"href":"https:\/\/staging.velxtecnologia.com\/rpma\/indovinya\/pt-br\/wp-json\/wp\/v2\/pages\/34367"}],"wp:attachment":[{"href":"https:\/\/staging.velxtecnologia.com\/rpma\/indovinya\/pt-br\/wp-json\/wp\/v2\/media?parent=34514"}],"wp:term":[{"taxonomy":"categoria-solucoes-mercado","embeddable":true,"href":"https:\/\/staging.velxtecnologia.com\/rpma\/indovinya\/pt-br\/wp-json\/wp\/v2\/categoria-solucoes-mercado?post=34514"}],"curies":[{"name":"wp","href":"https:\/\/api.w.org\/{rel}","templated":true}]}}